{"id":543,"date":"2018-11-27T09:17:56","date_gmt":"2018-11-27T08:17:56","guid":{"rendered":"https:\/\/empiriax.cz\/domains\/empiriax.cz\/contact\/"},"modified":"2025-01-13T18:24:12","modified_gmt":"2025-01-13T17:24:12","slug":"contact","status":"publish","type":"page","link":"https:\/\/empiriax.cz\/domains\/empiriax.cz\/contact\/","title":{"rendered":"Kontakt"},"content":{"rendered":"<style>.kb-row-layout-wrap.wp-block-kadence-rowlayout.kb-row-layout-id543_4e4a61-4c{margin-top:0px;margin-bottom:0px;}.kb-row-layout-id543_4e4a61-4c > .kt-row-column-wrap{align-content:center;}:where(.kb-row-layout-id543_4e4a61-4c > .kt-row-column-wrap) > .wp-block-kadence-column{justify-content:center;}.kb-row-layout-id543_4e4a61-4c > .kt-row-column-wrap{column-gap:var(--global-kb-gap-md, 2rem);row-gap:var(--global-kb-gap-md, 2rem);max-width:800px;margin-left:auto;margin-right:auto;padding-top:15px;padding-right:0px;padding-bottom:15px;padding-left:0px;grid-template-columns:minmax(0, 1fr);}.kb-row-layout-id543_4e4a61-4c{background-image:linear-gradient(135deg,rgba(7,117,47,0.05) 0%,rgba(6,117,46,0.35) 100%);}.kb-row-layout-id543_4e4a61-4c > .kt-row-layout-overlay{opacity:0.23;}.kb-row-layout-id543_4e4a61-4c .kt-row-layout-bottom-sep{height:100px;}.kb-row-layout-id543_4e4a61-4c .kt-row-layout-bottom-sep svg{width:100%;}.kb-row-layout-id543_4e4a61-4c .kt-row-layout-bottom-sep svg{fill:#ffffff!important;}.kb-row-layout-id543_4e4a61-4c .kt-row-layout-top-sep{height:100px;}.kb-row-layout-id543_4e4a61-4c .kt-row-layout-top-sep svg{width:100%;}.kb-row-layout-id543_4e4a61-4c .kt-row-layout-top-sep svg{fill:#ffffff!important;}@media all and (max-width: 1024px){.kb-row-layout-id543_4e4a61-4c > .kt-row-column-wrap{grid-template-columns:minmax(0, 1fr);}}@media all and (max-width: 1024px){.kb-row-layout-id543_4e4a61-4c .kt-row-layout-bottom-sep{height:px;}}@media all and (max-width: 1024px){.kb-row-layout-id543_4e4a61-4c .kt-row-layout-bottom-sep svg{width:%;}}@media all and (max-width: 767px){.kb-row-layout-id543_4e4a61-4c > .kt-row-column-wrap{grid-template-columns:minmax(0, 1fr);}.kb-row-layout-id543_4e4a61-4c .kt-row-layout-bottom-sep{height:px;}.kb-row-layout-id543_4e4a61-4c .kt-row-layout-bottom-sep svg{width:%;}}<\/style><header class=\"kb-row-layout-wrap kb-row-layout-id543_4e4a61-4c aligncenter kt-row-has-bg wp-block-kadence-rowlayout\"><div class=\"kt-row-column-wrap kt-has-1-columns kt-row-layout-equal kt-tab-layout-inherit kt-mobile-layout-row kt-row-valign-middle\">\n<style>.kadence-column543_df4d06-e7 > .kt-inside-inner-col{display:flex;}.kadence-column543_df4d06-e7 > .kt-inside-inner-col,.kadence-column543_df4d06-e7 > .kt-inside-inner-col:before{border-top-left-radius:0px;border-top-right-radius:0px;border-bottom-right-radius:0px;border-bottom-left-radius:0px;}.kadence-column543_df4d06-e7 > .kt-inside-inner-col{column-gap:var(--global-kb-gap-sm, 1rem);}.kadence-column543_df4d06-e7 > .kt-inside-inner-col{flex-direction:column;justify-content:center;align-items:center;}.kadence-column543_df4d06-e7 > .kt-inside-inner-col > .kb-image-is-ratio-size{align-self:stretch;}.kadence-column543_df4d06-e7 > .kt-inside-inner-col > .wp-block-kadence-advancedgallery{align-self:stretch;}.kadence-column543_df4d06-e7 > .kt-inside-inner-col > .aligncenter{width:100%;}.kt-row-column-wrap > .kadence-column543_df4d06-e7{align-self:center;}.kt-inner-column-height-full:not(.kt-has-1-columns) > .wp-block-kadence-column.kadence-column543_df4d06-e7{align-self:auto;}.kt-inner-column-height-full:not(.kt-has-1-columns) > .wp-block-kadence-column.kadence-column543_df4d06-e7 > .kt-inside-inner-col{flex-direction:column;justify-content:center;}.kadence-column543_df4d06-e7 > .kt-inside-inner-col:before{opacity:0.3;}.kadence-column543_df4d06-e7{position:relative;}@media all and (max-width: 1024px){.kt-row-column-wrap > .kadence-column543_df4d06-e7{align-self:center;}}@media all and (max-width: 1024px){.kt-inner-column-height-full:not(.kt-has-1-columns) > .wp-block-kadence-column.kadence-column543_df4d06-e7{align-self:auto;}}@media all and (max-width: 1024px){.kt-inner-column-height-full:not(.kt-has-1-columns) > .wp-block-kadence-column.kadence-column543_df4d06-e7 > .kt-inside-inner-col{flex-direction:column;justify-content:center;}}@media all and (max-width: 1024px){.kadence-column543_df4d06-e7 > .kt-inside-inner-col{flex-direction:column;align-items:center;}}@media all and (max-width: 767px){.kt-row-column-wrap > .kadence-column543_df4d06-e7{align-self:center;}.kt-inner-column-height-full:not(.kt-has-1-columns) > .wp-block-kadence-column.kadence-column543_df4d06-e7{align-self:auto;}.kt-inner-column-height-full:not(.kt-has-1-columns) > .wp-block-kadence-column.kadence-column543_df4d06-e7 > .kt-inside-inner-col{flex-direction:column;justify-content:center;}.kadence-column543_df4d06-e7 > .kt-inside-inner-col{flex-direction:column;align-items:center;}}<\/style>\n<div class=\"wp-block-kadence-column kadence-column543_df4d06-e7 inner-column-1\"><div class=\"kt-inside-inner-col\">\n<h2 class=\"wp-block-heading has-text-align-center\" style=\"font-size:28px;font-style:normal;font-weight:500\">Kontakt<\/h2>\n<\/div><\/div>\n\n<\/div><\/header>\n\n<style>.kb-row-layout-id543_e15e22-95 > .kt-row-column-wrap{align-content:start;}:where(.kb-row-layout-id543_e15e22-95 > .kt-row-column-wrap) > .wp-block-kadence-column{justify-content:start;}.kb-row-layout-id543_e15e22-95 > .kt-row-column-wrap{column-gap:80px;row-gap:var(--global-kb-gap-md, 2rem);max-width:var( --global-content-width, 1024px );padding-left:var(--global-content-edge-padding);padding-right:var(--global-content-edge-padding);padding-top:80px;padding-bottom:80px;grid-template-columns:repeat(2, minmax(0, 1fr));}.kb-row-layout-id543_e15e22-95 > .kt-row-layout-overlay{opacity:0.30;}@media all and (max-width: 1024px){.kb-row-layout-id543_e15e22-95 > .kt-row-column-wrap{grid-template-columns:repeat(2, minmax(0, 1fr));}}@media all and (max-width: 767px){.kb-row-layout-id543_e15e22-95 > .kt-row-column-wrap{grid-template-columns:minmax(0, 1fr);}}<\/style><div class=\"kb-row-layout-wrap kb-row-layout-id543_e15e22-95 alignnone wp-block-kadence-rowlayout\"><div class=\"kt-row-column-wrap kt-has-2-columns kt-row-layout-equal kt-tab-layout-inherit kt-mobile-layout-row kt-row-valign-top kb-theme-content-width\">\n<style>.kadence-column543_0e0c29-70 > .kt-inside-inner-col,.kadence-column543_0e0c29-70 > .kt-inside-inner-col:before{border-top-left-radius:0px;border-top-right-radius:0px;border-bottom-right-radius:0px;border-bottom-left-radius:0px;}.kadence-column543_0e0c29-70 > .kt-inside-inner-col{column-gap:var(--global-kb-gap-sm, 1rem);}.kadence-column543_0e0c29-70 > .kt-inside-inner-col{flex-direction:column;}.kadence-column543_0e0c29-70 > .kt-inside-inner-col > .aligncenter{width:100%;}.kadence-column543_0e0c29-70 > .kt-inside-inner-col:before{opacity:0.3;}.kadence-column543_0e0c29-70{position:relative;}@media all and (max-width: 1024px){.kadence-column543_0e0c29-70 > .kt-inside-inner-col{flex-direction:column;}}@media all and (max-width: 767px){.kadence-column543_0e0c29-70 > .kt-inside-inner-col{flex-direction:column;}}<\/style>\n<div class=\"wp-block-kadence-column kadence-column543_0e0c29-70 inner-column-1\"><div class=\"kt-inside-inner-col\">\n<p>M\u00e1te-li n\u011bjak\u00fd dotaz \u010di p\u0159ipom\u00ednku, napi\u0161te n\u00e1m.<\/p>\n\n\n<style>.kadence-form-543_9b58e5-6a .kb-form .kadence-blocks-form-field{margin-bottom:10px;}.kadence-form-543_9b58e5-6a .kb-form .kadence-blocks-form-field > label{font-size:15px;}.kadence-form-543_9b58e5-6a .kb-form .kadence-blocks-form-field .kb-forms-submit{font-size:15px;}.kb-form input.kadence-blocks-field.verify{opacity:0.0;position:absolute;top:0.0;left:0.0;width:0.0;height:0.0;z-index:-1;}<\/style>\n<div class=\"wp-block-kadence-form kadence-form-543_9b58e5-6a kb-form-wrap\"><form class=\"kb-form\" action=\"\" method=\"post\" data-error-message=\"Pro pokra\u010dov\u00e1n\u00ed opravte chyby, pros\u00edm.\"><div class=\"kadence-blocks-form-field kb-field-desk-width-100 kb-input-size-small\"><label for=\"kb_field_543_9b58e5-6a_0\">Va\u0161e jm\u00e9no<\/label><input name=\"kb_field_0\" id=\"kb_field_543_9b58e5-6a_0\" data-label=\"Va\u0161e jm\u00e9no\" type=\"text\" placeholder=\"\" value=\"\" data-type=\"text\" class=\"kb-field kb-text-style-field kb-text-field kb-field-0\" autocomplete=\"off\"\/><\/div><div class=\"kadence-blocks-form-field kb-form-field-1 kb-field-desk-width-100 kb-input-size-small\"><label for=\"kb_field_543_9b58e5-6a_1\">V\u00e1\u0161 email<span class=\"required\">*<\/span><\/label><input name=\"kb_field_1\" id=\"kb_field_543_9b58e5-6a_1\" data-label=\"V\u00e1\u0161 email\" type=\"email\" placeholder=\"\" value=\"\" data-type=\"email\" class=\"kb-field kb-text-style-field kb-email-field kb-field-1\" autocomplete=\"email\" data-required=\"yes\" data-required-message=\"V\u00e1\u0161 email je po\u017eadov\u00e1n\" data-validation-message=\"V\u00e1\u0161 email nen\u00ed validn\u00ed\"\/><\/div><div class=\"kadence-blocks-form-field kb-form-field-2 kb-field-desk-width-100 kb-input-size-small\"><label for=\"kb_field_543_9b58e5-6a_2\">Va\u0161e zpr\u00e1va<span class=\"required\">*<\/span><\/label><textarea name=\"kb_field_2\" id=\"kb_field_543_9b58e5-6a_2\" data-label=\"Va\u0161e zpr\u00e1va\" type=\"textarea\" placeholder=\"\" data-type=\"textarea\" class=\"kb-field kb-text-style-field kb-textarea-field kb-field-2\" rows=\"4\" data-required=\"yes\" data-required-message=\"Va\u0161e zpr\u00e1va je pr\u00e1zdn\u00e1\"><\/textarea><\/div><input type=\"hidden\" name=\"_kb_form_id\" value=\"543_9b58e5-6a\"\/><input type=\"hidden\" name=\"_kb_form_post_id\" value=\"543\"\/><input type=\"hidden\" name=\"action\" value=\"kb_process_ajax_submit\"\/><input class=\"kadence-blocks-field verify\" type=\"text\" name=\"_kb_verify_email\" autocomplete=\"new-password\" aria-hidden=\"true\" placeholder=\"Email\" tabindex=\"-1\" data-1p-ignore=\"true\" data-lpignore=\"true\" \/><div class=\"kadence-blocks-form-field kb-submit-field kb-field-desk-width-100\"><button class=\"kb-forms-submit button kb-button-size-standard kb-button-width-auto\">Odeslat<\/button><\/div><\/form><\/div>\n<noscript><div class=\"kadence-blocks-form-message kadence-blocks-form-warning\">Please enable JavaScript in your browser to submit the form<\/div><style>.kadence-form-543_9b58e5-6a .kadence-blocks-form-field.kb-submit-field { display: none; }<\/style><\/noscript><\/div><\/div>\n\n\n<style>.kadence-column543_2620b3-e5 > .kt-inside-inner-col,.kadence-column543_2620b3-e5 > .kt-inside-inner-col:before{border-top-left-radius:0px;border-top-right-radius:0px;border-bottom-right-radius:0px;border-bottom-left-radius:0px;}.kadence-column543_2620b3-e5 > .kt-inside-inner-col{column-gap:var(--global-kb-gap-sm, 1rem);}.kadence-column543_2620b3-e5 > .kt-inside-inner-col{flex-direction:column;}.kadence-column543_2620b3-e5 > .kt-inside-inner-col > .aligncenter{width:100%;}.kadence-column543_2620b3-e5 > .kt-inside-inner-col:before{opacity:0.3;}.kadence-column543_2620b3-e5{position:relative;}@media all and (max-width: 1024px){.kadence-column543_2620b3-e5 > .kt-inside-inner-col{flex-direction:column;}}@media all and (max-width: 767px){.kadence-column543_2620b3-e5 > .kt-inside-inner-col{flex-direction:column;}}<\/style>\n<div class=\"wp-block-kadence-column kadence-column543_2620b3-e5 inner-column-2\"><div class=\"kt-inside-inner-col\">\n<div style=\"height:10px\" aria-hidden=\"true\" class=\"wp-block-spacer\"><\/div>\n\n\n<style>.wp-block-kadence-advancedheading.kt-adv-heading543_536f5a-29, .wp-block-kadence-advancedheading.kt-adv-heading543_536f5a-29[data-kb-block=\"kb-adv-heading543_536f5a-29\"]{font-size:18px;font-weight:500;font-style:normal;text-transform:uppercase;letter-spacing:1px;}.wp-block-kadence-advancedheading.kt-adv-heading543_536f5a-29 mark.kt-highlight, .wp-block-kadence-advancedheading.kt-adv-heading543_536f5a-29[data-kb-block=\"kb-adv-heading543_536f5a-29\"] mark.kt-highlight{font-style:normal;color:#f76a0c;-webkit-box-decoration-break:clone;box-decoration-break:clone;padding-top:0px;padding-right:0px;padding-bottom:0px;padding-left:0px;}<\/style>\n<h5 class=\"kt-adv-heading543_536f5a-29 wp-block-kadence-advancedheading\" data-kb-block=\"kb-adv-heading543_536f5a-29\">Empiria<\/h5>\n\n\n<style>.wp-block-kadence-iconlist.kt-svg-icon-list-items543_2c4a61-92:not(.this-stops-third-party-issues){margin-top:0px;margin-bottom:0px;}.wp-block-kadence-iconlist.kt-svg-icon-list-items543_2c4a61-92 ul.kt-svg-icon-list:not(.this-prevents-issues):not(.this-stops-third-party-issues):not(.tijsloc){margin-top:0px;margin-right:0px;margin-bottom:10px;margin-left:0px;}.wp-block-kadence-iconlist.kt-svg-icon-list-items543_2c4a61-92 ul.kt-svg-icon-list{grid-row-gap:15px;}.wp-block-kadence-iconlist.kt-svg-icon-list-items543_2c4a61-92 ul.kt-svg-icon-list .kt-svg-icon-list-item-wrap .kt-svg-icon-list-single{margin-right:5px;}<\/style>\n<div class=\"wp-block-kadence-iconlist kt-svg-icon-list-items kt-svg-icon-list-items543_2c4a61-92 kt-svg-icon-list-columns-1 alignnone\"><ul class=\"kt-svg-icon-list\"><style>.kt-svg-icon-list-item-543_ac6d89-08 .kt-svg-icon-list-single{font-size:20px !important;}<\/style>\n<li class=\"wp-block-kadence-listitem kt-svg-icon-list-item-wrap kt-svg-icon-list-item-543_ac6d89-08 kt-svg-icon-list-style-default\"><span class=\"kb-svg-icon-wrap kb-svg-icon-ic_record kt-svg-icon-list-single\"><svg viewBox=\"0 0 8 8\"  fill=\"currentColor\" xmlns=\"http:\/\/www.w3.org\/2000\/svg\"  aria-hidden=\"true\"><path d=\"M3 0c-1.66 0-3 1.34-3 3s1.34 3 3 3 3-1.34 3-3-1.34-3-3-3z\" transform=\"translate(1 1)\"\/><\/svg><\/span><span class=\"kt-svg-icon-list-text\">Empiria, z.s., Na Z\u00e1bo\u0159\u00ed 134, Pardubice 530 02, I\u010c: 22849394<\/span><\/li>\n\n\n<style>.kt-svg-icon-list-item-543_606346-d3 .kt-svg-icon-list-single{font-size:20px !important;}<\/style>\n<li class=\"wp-block-kadence-listitem kt-svg-icon-list-item-wrap kt-svg-icon-list-item-543_606346-d3 kt-svg-icon-list-style-default\"><span class=\"kb-svg-icon-wrap kb-svg-icon-ic_record kt-svg-icon-list-single\"><svg viewBox=\"0 0 8 8\"  fill=\"currentColor\" xmlns=\"http:\/\/www.w3.org\/2000\/svg\"  aria-hidden=\"true\"><path d=\"M3 0c-1.66 0-3 1.34-3 3s1.34 3 3 3 3-1.34 3-3-1.34-3-3-3z\" transform=\"translate(1 1)\"\/><\/svg><\/span><span class=\"kt-svg-icon-list-text\">email: empiriax@seznam.cz<\/span><\/li>\n\n\n<style>.kt-svg-icon-list-item-543_2d558f-6e .kt-svg-icon-list-single{font-size:20px !important;}<\/style>\n<li class=\"wp-block-kadence-listitem kt-svg-icon-list-item-wrap kt-svg-icon-list-item-543_2d558f-6e kt-svg-icon-list-style-default\"><span class=\"kb-svg-icon-wrap kb-svg-icon-ic_record kt-svg-icon-list-single\"><svg viewBox=\"0 0 8 8\"  fill=\"currentColor\" xmlns=\"http:\/\/www.w3.org\/2000\/svg\"  aria-hidden=\"true\"><path d=\"M3 0c-1.66 0-3 1.34-3 3s1.34 3 3 3 3-1.34 3-3-1.34-3-3-3z\" transform=\"translate(1 1)\"\/><\/svg><\/span><span class=\"kt-svg-icon-list-text\">telefon: 775 664 147<\/span><\/li>\n\n\n<style>.kt-svg-icon-list-item-543_97d56e-b6 .kt-svg-icon-list-single{font-size:20px !important;}<\/style>\n<li class=\"wp-block-kadence-listitem kt-svg-icon-list-item-wrap kt-svg-icon-list-item-543_97d56e-b6 kt-svg-icon-list-style-default\"><span class=\"kb-svg-icon-wrap kb-svg-icon-ic_record kt-svg-icon-list-single\"><svg viewBox=\"0 0 8 8\"  fill=\"currentColor\" xmlns=\"http:\/\/www.w3.org\/2000\/svg\"  aria-hidden=\"true\"><path d=\"M3 0c-1.66 0-3 1.34-3 3s1.34 3 3 3 3-1.34 3-3-1.34-3-3-3z\" transform=\"translate(1 1)\"\/><\/svg><\/span><span class=\"kt-svg-icon-list-text\">facebook: <a href=\"https:\/\/www.facebook.com\/empiriax\" target=\"_blank\" rel=\"noreferrer noopener\">https:\/\/www.facebook.com\/empiriax<\/a><\/span><\/li>\n<\/ul><\/div>\n<\/div><\/div>\n\n<\/div><\/div>\n\n\n<p><\/p>\n","protected":false},"excerpt":{"rendered":"<p>Kontakt M\u00e1te-li n\u011bjak\u00fd dotaz \u010di p\u0159ipom\u00ednku, napi\u0161te n\u00e1m. Empiria<\/p>\n","protected":false},"author":1,"featured_media":0,"parent":0,"menu_order":0,"comment_status":"closed","ping_status":"closed","template":"","meta":{"_kadence_starter_templates_imported_post":false,"_kad_post_transparent":"disable","_kad_post_title":"hide","_kad_post_layout":"normal","_kad_post_sidebar_id":"","_kad_post_content_style":"boxed","_kad_post_vertical_padding":"hide","_kad_post_feature":"","_kad_post_feature_position":"","_kad_post_header":false,"_kad_post_footer":false,"footnotes":""},"class_list":["post-543","page","type-page","status-publish","hentry"],"yoast_head":"<!-- This site is optimized with the Yoast SEO plugin v24.5 - https:\/\/yoast.com\/wordpress\/plugins\/seo\/ -->\n<title>Kontakt - Sebezku\u0161enostn\u00ed v\u00fdcvik Empiria<\/title>\n<meta name=\"robots\" content=\"noindex, follow\" \/>\n<meta property=\"og:locale\" content=\"cs_CZ\" \/>\n<meta property=\"og:type\" content=\"article\" \/>\n<meta property=\"og:title\" content=\"Kontakt - Sebezku\u0161enostn\u00ed v\u00fdcvik Empiria\" \/>\n<meta property=\"og:description\" content=\"Kontakt M\u00e1te-li n\u011bjak\u00fd dotaz \u010di p\u0159ipom\u00ednku, napi\u0161te n\u00e1m. Empiria\" \/>\n<meta property=\"og:url\" content=\"https:\/\/empiriax.cz\/domains\/empiriax.cz\/contact\/\" \/>\n<meta property=\"og:site_name\" content=\"Sebezku\u0161enostn\u00ed v\u00fdcvik Empiria\" \/>\n<meta property=\"article:modified_time\" content=\"2025-01-13T17:24:12+00:00\" \/>\n<meta name=\"twitter:card\" content=\"summary_large_image\" \/>\n<meta name=\"twitter:label1\" content=\"Odhadovan\u00e1 doba \u010dten\u00ed\" \/>\n\t<meta name=\"twitter:data1\" content=\"1 minuta\" \/>\n<script type=\"application\/ld+json\" class=\"yoast-schema-graph\">{\"@context\":\"https:\/\/schema.org\",\"@graph\":[{\"@type\":\"WebPage\",\"@id\":\"https:\/\/empiriax.cz\/domains\/empiriax.cz\/contact\/\",\"url\":\"https:\/\/empiriax.cz\/domains\/empiriax.cz\/contact\/\",\"name\":\"Kontakt - Sebezku\u0161enostn\u00ed v\u00fdcvik Empiria\",\"isPartOf\":{\"@id\":\"https:\/\/empiriax.cz\/domains\/empiriax.cz\/#website\"},\"datePublished\":\"2018-11-27T08:17:56+00:00\",\"dateModified\":\"2025-01-13T17:24:12+00:00\",\"breadcrumb\":{\"@id\":\"https:\/\/empiriax.cz\/domains\/empiriax.cz\/contact\/#breadcrumb\"},\"inLanguage\":\"cs\",\"potentialAction\":[{\"@type\":\"ReadAction\",\"target\":[\"https:\/\/empiriax.cz\/domains\/empiriax.cz\/contact\/\"]}]},{\"@type\":\"BreadcrumbList\",\"@id\":\"https:\/\/empiriax.cz\/domains\/empiriax.cz\/contact\/#breadcrumb\",\"itemListElement\":[{\"@type\":\"ListItem\",\"position\":1,\"name\":\"Dom\u016f\",\"item\":\"https:\/\/empiriax.cz\/domains\/empiriax.cz\/\"},{\"@type\":\"ListItem\",\"position\":2,\"name\":\"Kontakt\"}]},{\"@type\":\"WebSite\",\"@id\":\"https:\/\/empiriax.cz\/domains\/empiriax.cz\/#website\",\"url\":\"https:\/\/empiriax.cz\/domains\/empiriax.cz\/\",\"name\":\"Sebezku\u0161enostn\u00ed v\u00fdcvik Empiria\",\"description\":\"sebezku\u0161enostn\u00ed v\u00fdcvik pro pom\u00e1haj\u00edc\u00ed profese\",\"publisher\":{\"@id\":\"https:\/\/empiriax.cz\/domains\/empiriax.cz\/#organization\"},\"potentialAction\":[{\"@type\":\"SearchAction\",\"target\":{\"@type\":\"EntryPoint\",\"urlTemplate\":\"https:\/\/empiriax.cz\/domains\/empiriax.cz\/?s={search_term_string}\"},\"query-input\":{\"@type\":\"PropertyValueSpecification\",\"valueRequired\":true,\"valueName\":\"search_term_string\"}}],\"inLanguage\":\"cs\"},{\"@type\":\"Organization\",\"@id\":\"https:\/\/empiriax.cz\/domains\/empiriax.cz\/#organization\",\"name\":\"Empiria\",\"url\":\"https:\/\/empiriax.cz\/domains\/empiriax.cz\/\",\"logo\":{\"@type\":\"ImageObject\",\"inLanguage\":\"cs\",\"@id\":\"https:\/\/empiriax.cz\/domains\/empiriax.cz\/#\/schema\/logo\/image\/\",\"url\":\"https:\/\/empiriax.cz\/domains\/empiriax.cz\/wp-content\/uploads\/2022\/03\/Empiria18-zelena-1.png\",\"contentUrl\":\"https:\/\/empiriax.cz\/domains\/empiriax.cz\/wp-content\/uploads\/2022\/03\/Empiria18-zelena-1.png\",\"width\":98,\"height\":18,\"caption\":\"Empiria\"},\"image\":{\"@id\":\"https:\/\/empiriax.cz\/domains\/empiriax.cz\/#\/schema\/logo\/image\/\"}}]}<\/script>\n<!-- \/ Yoast SEO plugin. -->","yoast_head_json":{"title":"Kontakt - Sebezku\u0161enostn\u00ed v\u00fdcvik Empiria","robots":{"index":"noindex","follow":"follow"},"og_locale":"cs_CZ","og_type":"article","og_title":"Kontakt - Sebezku\u0161enostn\u00ed v\u00fdcvik Empiria","og_description":"Kontakt M\u00e1te-li n\u011bjak\u00fd dotaz \u010di p\u0159ipom\u00ednku, napi\u0161te n\u00e1m. Empiria","og_url":"https:\/\/empiriax.cz\/domains\/empiriax.cz\/contact\/","og_site_name":"Sebezku\u0161enostn\u00ed v\u00fdcvik Empiria","article_modified_time":"2025-01-13T17:24:12+00:00","twitter_card":"summary_large_image","twitter_misc":{"Odhadovan\u00e1 doba \u010dten\u00ed":"1 minuta"},"schema":{"@context":"https:\/\/schema.org","@graph":[{"@type":"WebPage","@id":"https:\/\/empiriax.cz\/domains\/empiriax.cz\/contact\/","url":"https:\/\/empiriax.cz\/domains\/empiriax.cz\/contact\/","name":"Kontakt - Sebezku\u0161enostn\u00ed v\u00fdcvik Empiria","isPartOf":{"@id":"https:\/\/empiriax.cz\/domains\/empiriax.cz\/#website"},"datePublished":"2018-11-27T08:17:56+00:00","dateModified":"2025-01-13T17:24:12+00:00","breadcrumb":{"@id":"https:\/\/empiriax.cz\/domains\/empiriax.cz\/contact\/#breadcrumb"},"inLanguage":"cs","potentialAction":[{"@type":"ReadAction","target":["https:\/\/empiriax.cz\/domains\/empiriax.cz\/contact\/"]}]},{"@type":"BreadcrumbList","@id":"https:\/\/empiriax.cz\/domains\/empiriax.cz\/contact\/#breadcrumb","itemListElement":[{"@type":"ListItem","position":1,"name":"Dom\u016f","item":"https:\/\/empiriax.cz\/domains\/empiriax.cz\/"},{"@type":"ListItem","position":2,"name":"Kontakt"}]},{"@type":"WebSite","@id":"https:\/\/empiriax.cz\/domains\/empiriax.cz\/#website","url":"https:\/\/empiriax.cz\/domains\/empiriax.cz\/","name":"Sebezku\u0161enostn\u00ed v\u00fdcvik Empiria","description":"sebezku\u0161enostn\u00ed v\u00fdcvik pro pom\u00e1haj\u00edc\u00ed profese","publisher":{"@id":"https:\/\/empiriax.cz\/domains\/empiriax.cz\/#organization"},"potentialAction":[{"@type":"SearchAction","target":{"@type":"EntryPoint","urlTemplate":"https:\/\/empiriax.cz\/domains\/empiriax.cz\/?s={search_term_string}"},"query-input":{"@type":"PropertyValueSpecification","valueRequired":true,"valueName":"search_term_string"}}],"inLanguage":"cs"},{"@type":"Organization","@id":"https:\/\/empiriax.cz\/domains\/empiriax.cz\/#organization","name":"Empiria","url":"https:\/\/empiriax.cz\/domains\/empiriax.cz\/","logo":{"@type":"ImageObject","inLanguage":"cs","@id":"https:\/\/empiriax.cz\/domains\/empiriax.cz\/#\/schema\/logo\/image\/","url":"https:\/\/empiriax.cz\/domains\/empiriax.cz\/wp-content\/uploads\/2022\/03\/Empiria18-zelena-1.png","contentUrl":"https:\/\/empiriax.cz\/domains\/empiriax.cz\/wp-content\/uploads\/2022\/03\/Empiria18-zelena-1.png","width":98,"height":18,"caption":"Empiria"},"image":{"@id":"https:\/\/empiriax.cz\/domains\/empiriax.cz\/#\/schema\/logo\/image\/"}}]}},"_links":{"self":[{"href":"https:\/\/empiriax.cz\/domains\/empiriax.cz\/wp-json\/wp\/v2\/pages\/543","targetHints":{"allow":["GET"]}}],"collection":[{"href":"https:\/\/empiriax.cz\/domains\/empiriax.cz\/wp-json\/wp\/v2\/pages"}],"about":[{"href":"https:\/\/empiriax.cz\/domains\/empiriax.cz\/wp-json\/wp\/v2\/types\/page"}],"author":[{"embeddable":true,"href":"https:\/\/empiriax.cz\/domains\/empiriax.cz\/wp-json\/wp\/v2\/users\/1"}],"replies":[{"embeddable":true,"href":"https:\/\/empiriax.cz\/domains\/empiriax.cz\/wp-json\/wp\/v2\/comments?post=543"}],"version-history":[{"count":4,"href":"https:\/\/empiriax.cz\/domains\/empiriax.cz\/wp-json\/wp\/v2\/pages\/543\/revisions"}],"predecessor-version":[{"id":2801,"href":"https:\/\/empiriax.cz\/domains\/empiriax.cz\/wp-json\/wp\/v2\/pages\/543\/revisions\/2801"}],"wp:attachment":[{"href":"https:\/\/empiriax.cz\/domains\/empiriax.cz\/wp-json\/wp\/v2\/media?parent=543"}],"curies":[{"name":"wp","href":"https:\/\/api.w.org\/{rel}","templated":true}]}}